{"id":155,"date":"2025-02-07T23:01:13","date_gmt":"2025-02-07T23:01:13","guid":{"rendered":"https:\/\/terrasens.tn\/?page_id=155"},"modified":"2025-03-01T15:38:46","modified_gmt":"2025-03-01T15:38:46","slug":"products","status":"publish","type":"page","link":"https:\/\/www.terrasens.tn\/fr\/products\/","title":{"rendered":"Produits"},"content":{"rendered":"<p>\t\t<div data-elementor-type=\"page\" data-elementor-id=\"735\" class=\"elementor elementor-735\" data-elementor-post-type=\"elementor_library\">\n\t\t\t\t<div data-dce-background-image-url=\"http:\/\/terrasens.tn\/wp-content\/uploads\/2025\/02\/Agriculture_numerique_ok-scaled-2.jpg\" class=\"elementor-element elementor-element-30de87c e-con-full e-flex e-con e-parent\" data-id=\"30de87c\" data-element_type=\"container\" data-settings=\"{&quot;background_background&quot;:&quot;classic&quot;}\">\n\t\t\t\t<div class=\"elementor-element elementor-element-79606d9 elementor-invisible elementor-widget elementor-widget-heading\" data-id=\"79606d9\" data-element_type=\"widget\" data-settings=\"{&quot;_animation&quot;:&quot;fadeInDown&quot;}\" data-widget_type=\"heading.default\">\n\t\t\t\t<div class=\"elementor-widget-container\">\n\t\t\t\t\t<h2 class=\"elementor-heading-title elementor-size-default\">Mesurez, analysez et agissez !<\/h2>\t\t\t\t<\/div>\n\t\t\t\t<\/div>\n\t\t\t\t<div class=\"elementor-element elementor-element-2876988 elementor-invisible elementor-widget elementor-widget-heading\" data-id=\"2876988\" data-element_type=\"widget\" data-settings=\"{&quot;_animation&quot;:&quot;fadeIn&quot;}\" data-widget_type=\"heading.default\">\n\t\t\t\t<div class=\"elementor-widget-container\">\n\t\t\t\t\t<h2 class=\"elementor-heading-title elementor-size-default\">From Data to Smart Decisions\n<\/h2>\t\t\t\t<\/div>\n\t\t\t\t<\/div>\n\t\t\t\t<div class=\"elementor-element elementor-element-958b44d elementor-align-center elementor-icon-list--layout-traditional elementor-list-item-link-full_width elementor-invisible elementor-widget elementor-widget-icon-list\" data-id=\"958b44d\" data-element_type=\"widget\" data-settings=\"{&quot;_animation&quot;:&quot;fadeInUp&quot;}\" data-widget_type=\"icon-list.default\">\n\t\t\t\t<div class=\"elementor-widget-container\">\n\t\t\t\t\t\t\t<ul class=\"elementor-icon-list-items\">\n\t\t\t\t\t\t\t<li class=\"elementor-icon-list-item\">\n\t\t\t\t\t\t\t\t\t\t<span class=\"elementor-icon-list-text\">TerraSens Solutions int\u00e8gre des donn\u00e9es agroclimatiques en temps r\u00e9el, des analyses avanc\u00e9es et des outils intuitifs bas\u00e9s sur le cloud dans une solution unique et transparente. Permettant une prise de d\u00e9cision plus intelligente, elle offre une perspective dynamique et multi-sources pour optimiser la gestion des ressources et favoriser la durabilit\u00e9.<\/span>\n\t\t\t\t\t\t\t\t\t<\/li>\n\t\t\t\t\t\t<\/ul>\n\t\t\t\t\t\t<\/div>\n\t\t\t\t<\/div>\n\t\t\t\t<div class=\"elementor-element elementor-element-cfc5a77 elementor-align-center elementor-widget elementor-widget-button\" data-id=\"cfc5a77\" data-element_type=\"widget\" data-widget_type=\"button.default\">\n\t\t\t\t<div class=\"elementor-widget-container\">\n\t\t\t\t\t\t\t\t\t<div class=\"elementor-button-wrapper\">\n\t\t\t\t\t<a class=\"elementor-button elementor-button-link elementor-size-sm\" href=\"#kikidouloveme\">\n\t\t\t\t\t\t<span class=\"elementor-button-content-wrapper\">\n\t\t\t\t\t\t\t\t\t<span class=\"elementor-button-text\">D\u00e9couvrez nos solutions<\/span>\n\t\t\t\t\t<\/span>\n\t\t\t\t\t<\/a>\n\t\t\t\t<\/div>\n\t\t\t\t\t\t\t\t<\/div>\n\t\t\t\t<\/div>\n\t\t\t\t<\/div>\n\t\t<div class=\"elementor-element elementor-element-73f7b6d e-con-full e-flex e-con e-parent\" data-id=\"73f7b6d\" data-element_type=\"container\" id=\"kikidouloveme\">\n\t\t<div class=\"elementor-element elementor-element-488d1a1 e-con-full e-flex e-con e-child\" data-id=\"488d1a1\" data-element_type=\"container\">\n\t\t\t\t<div class=\"elementor-element elementor-element-98f9b2f elementor-invisible elementor-widget elementor-widget-heading\" data-id=\"98f9b2f\" data-element_type=\"widget\" data-settings=\"{&quot;_animation&quot;:&quot;fadeInDown&quot;}\" data-widget_type=\"heading.default\">\n\t\t\t\t<div class=\"elementor-widget-container\">\n\t\t\t\t\t<h2 class=\"elementor-heading-title elementor-size-default\">Stations agroclimatiques \u2013\nSurveillance environnementale en temps r\u00e9el<\/h2>\t\t\t\t<\/div>\n\t\t\t\t<\/div>\n\t\t\t\t<div class=\"elementor-element elementor-element-b8bb407 elementor-align-left elementor-icon-list--layout-traditional elementor-list-item-link-full_width elementor-widget elementor-widget-icon-list\" data-id=\"b8bb407\" data-element_type=\"widget\" data-widget_type=\"icon-list.default\">\n\t\t\t\t<div class=\"elementor-widget-container\">\n\t\t\t\t\t\t\t<ul class=\"elementor-icon-list-items\">\n\t\t\t\t\t\t\t<li class=\"elementor-icon-list-item\">\n\t\t\t\t\t\t\t\t\t\t<span class=\"elementor-icon-list-text\">Nos stations agroclimatiques autonomes, aliment\u00e9es par l'\u00e9nergie solaire, assurent un suivi en temps r\u00e9el des param\u00e8tres environnementaux cl\u00e9s. Equip\u00e9es de capteurs de pointe, elles collectent des donn\u00e9es pr\u00e9cises pour optimiser les pratiques agricoles et la gestion des ressources.<\/span>\n\t\t\t\t\t\t\t\t\t<\/li>\n\t\t\t\t\t\t<\/ul>\n\t\t\t\t\t\t<\/div>\n\t\t\t\t<\/div>\n\t\t\t\t<div class=\"elementor-element elementor-element-e262153 elementor-align-left elementor-widget elementor-widget-button\" data-id=\"e262153\" data-element_type=\"widget\" data-widget_type=\"button.default\">\n\t\t\t\t<div class=\"elementor-widget-container\">\n\t\t\t\t\t\t\t\t\t<div class=\"elementor-button-wrapper\">\n\t\t\t\t\t<a class=\"elementor-button elementor-button-link elementor-size-sm\" href=\"https:\/\/www.terrasens.tn\/agroclimatic-stations\/\">\n\t\t\t\t\t\t<span class=\"elementor-button-content-wrapper\">\n\t\t\t\t\t\t\t\t\t<span class=\"elementor-button-text\">En savoir plus !<\/span>\n\t\t\t\t\t<\/span>\n\t\t\t\t\t<\/a>\n\t\t\t\t<\/div>\n\t\t\t\t\t\t\t\t<\/div>\n\t\t\t\t<\/div>\n\t\t\t\t<\/div>\n\t\t<div class=\"elementor-element elementor-element-0ad0c6b e-con-full e-flex e-con e-child\" data-id=\"0ad0c6b\" data-element_type=\"container\">\n\t\t\t\t<div class=\"elementor-element elementor-element-5a7d9f1 dce_masking-none elementor-widget elementor-widget-image\" data-id=\"5a7d9f1\" data-element_type=\"widget\" data-widget_type=\"image.default\">\n\t\t\t\t<div class=\"elementor-widget-container\">\n\t\t\t\t\t\t\t\t\t\t\t\t\t\t\t<img fetchpriority=\"high\" decoding=\"async\" width=\"1024\" height=\"775\" src=\"https:\/\/www.terrasens.tn\/wp-content\/uploads\/2025\/02\/Weather-Station-Agriculture-Farming-1024x775.png\" class=\"attachment-large size-large wp-image-702\" alt=\"\" srcset=\"https:\/\/www.terrasens.tn\/wp-content\/uploads\/2025\/02\/Weather-Station-Agriculture-Farming-1024x775.png 1024w, https:\/\/www.terrasens.tn\/wp-content\/uploads\/2025\/02\/Weather-Station-Agriculture-Farming-300x227.png 300w, https:\/\/www.terrasens.tn\/wp-content\/uploads\/2025\/02\/Weather-Station-Agriculture-Farming-768x581.png 768w, https:\/\/www.terrasens.tn\/wp-content\/uploads\/2025\/02\/Weather-Station-Agriculture-Farming.png 1216w\" sizes=\"(max-width: 1024px) 100vw, 1024px\" \/>\t\t\t\t\t\t\t\t\t\t\t\t\t\t\t<\/div>\n\t\t\t\t<\/div>\n\t\t\t\t<\/div>\n\t\t\t\t<\/div>\n\t\t<div class=\"elementor-element elementor-element-8a8cb44 e-con-full e-flex e-con e-parent\" data-id=\"8a8cb44\" data-element_type=\"container\" data-settings=\"{&quot;background_background&quot;:&quot;classic&quot;}\">\n\t\t<div class=\"elementor-element elementor-element-502928e e-con-full e-flex e-con e-child\" data-id=\"502928e\" data-element_type=\"container\">\n\t\t\t\t<div class=\"elementor-element elementor-element-171f8e0 dce_masking-none elementor-widget elementor-widget-image\" data-id=\"171f8e0\" data-element_type=\"widget\" data-widget_type=\"image.default\">\n\t\t\t\t<div class=\"elementor-widget-container\">\n\t\t\t\t\t\t\t\t\t\t\t\t\t\t\t<img fetchpriority=\"high\" decoding=\"async\" width=\"1024\" height=\"775\" src=\"https:\/\/www.terrasens.tn\/wp-content\/uploads\/2025\/02\/Weather-Station-Agriculture-Farming-1024x775.png\" class=\"attachment-large size-large wp-image-702\" alt=\"\" srcset=\"https:\/\/www.terrasens.tn\/wp-content\/uploads\/2025\/02\/Weather-Station-Agriculture-Farming-1024x775.png 1024w, https:\/\/www.terrasens.tn\/wp-content\/uploads\/2025\/02\/Weather-Station-Agriculture-Farming-300x227.png 300w, https:\/\/www.terrasens.tn\/wp-content\/uploads\/2025\/02\/Weather-Station-Agriculture-Farming-768x581.png 768w, https:\/\/www.terrasens.tn\/wp-content\/uploads\/2025\/02\/Weather-Station-Agriculture-Farming.png 1216w\" sizes=\"(max-width: 1024px) 100vw, 1024px\" \/>\t\t\t\t\t\t\t\t\t\t\t\t\t\t\t<\/div>\n\t\t\t\t<\/div>\n\t\t\t\t<\/div>\n\t\t<div class=\"elementor-element elementor-element-86a27f1 e-con-full e-flex e-con e-child\" data-id=\"86a27f1\" data-element_type=\"container\">\n\t\t\t\t<div class=\"elementor-element elementor-element-04616e1 elementor-invisible elementor-widget elementor-widget-heading\" data-id=\"04616e1\" data-element_type=\"widget\" data-settings=\"{&quot;_animation&quot;:&quot;fadeInDown&quot;}\" data-widget_type=\"heading.default\">\n\t\t\t\t<div class=\"elementor-widget-container\">\n\t\t\t\t\t<h2 class=\"elementor-heading-title elementor-size-default\">Donn\u00e9es agroclimatiques \u2013 Informations historiques, en temps r\u00e9el et pr\u00e9dictives<\/h2>\t\t\t\t<\/div>\n\t\t\t\t<\/div>\n\t\t\t\t<div class=\"elementor-element elementor-element-652d1fc elementor-align-left elementor-icon-list--layout-traditional elementor-list-item-link-full_width elementor-widget elementor-widget-icon-list\" data-id=\"652d1fc\" data-element_type=\"widget\" data-widget_type=\"icon-list.default\">\n\t\t\t\t<div class=\"elementor-widget-container\">\n\t\t\t\t\t\t\t<ul class=\"elementor-icon-list-items\">\n\t\t\t\t\t\t\t<li class=\"elementor-icon-list-item\">\n\t\t\t\t\t\t\t\t\t\t<span class=\"elementor-icon-list-text\">Des donn\u00e9es agroclimatiques pr\u00e9cises, fiables et \u00e9volutives sont essentielles pour une agriculture durable, une gestion de l'eau et une r\u00e9silience climatique. TerraSens fournit des donn\u00e9es historiques, en temps r\u00e9el et pr\u00e9dictives aliment\u00e9es par des stations agroclimatiques bas\u00e9es sur l'IoT et des analyses pilot\u00e9es par l'IA.<\/span>\n\t\t\t\t\t\t\t\t\t<\/li>\n\t\t\t\t\t\t<\/ul>\n\t\t\t\t\t\t<\/div>\n\t\t\t\t<\/div>\n\t\t\t\t<div class=\"elementor-element elementor-element-429bd64 elementor-align-left elementor-widget elementor-widget-button\" data-id=\"429bd64\" data-element_type=\"widget\" data-widget_type=\"button.default\">\n\t\t\t\t<div class=\"elementor-widget-container\">\n\t\t\t\t\t\t\t\t\t<div class=\"elementor-button-wrapper\">\n\t\t\t\t\t<a class=\"elementor-button elementor-button-link elementor-size-sm\" href=\"https:\/\/www.terrasens.tn\/agroclimatic-data\/\">\n\t\t\t\t\t\t<span class=\"elementor-button-content-wrapper\">\n\t\t\t\t\t\t\t\t\t<span class=\"elementor-button-text\">En savoir plus !<\/span>\n\t\t\t\t\t<\/span>\n\t\t\t\t\t<\/a>\n\t\t\t\t<\/div>\n\t\t\t\t\t\t\t\t<\/div>\n\t\t\t\t<\/div>\n\t\t\t\t<\/div>\n\t\t\t\t<\/div>\n\t\t<div class=\"elementor-element elementor-element-35a86ae e-con-full e-flex e-con e-parent\" data-id=\"35a86ae\" data-element_type=\"container\">\n\t\t<div class=\"elementor-element elementor-element-d7f5b3a e-con-full e-flex e-con e-child\" data-id=\"d7f5b3a\" data-element_type=\"container\">\n\t\t\t\t<div class=\"elementor-element elementor-element-590b197 elementor-invisible elementor-widget elementor-widget-heading\" data-id=\"590b197\" data-element_type=\"widget\" data-settings=\"{&quot;_animation&quot;:&quot;fadeInDown&quot;}\" data-widget_type=\"heading.default\">\n\t\t\t\t<div class=\"elementor-widget-container\">\n\t\t\t\t\t<h2 class=\"elementor-heading-title elementor-size-default\">T\u00e9l\u00e9d\u00e9tection et traitement des donn\u00e9es sur le changement climatique<\/h2>\t\t\t\t<\/div>\n\t\t\t\t<\/div>\n\t\t\t\t<div class=\"elementor-element elementor-element-4cebd22 elementor-invisible elementor-widget elementor-widget-heading\" data-id=\"4cebd22\" data-element_type=\"widget\" data-settings=\"{&quot;_animation&quot;:&quot;fadeInDown&quot;}\" data-widget_type=\"heading.default\">\n\t\t\t\t<div class=\"elementor-widget-container\">\n\t\t\t\t\t<h2 class=\"elementor-heading-title elementor-size-default\">Solutions de donn\u00e9es environnementales am\u00e9lior\u00e9es par l'IA<\/h2>\t\t\t\t<\/div>\n\t\t\t\t<\/div>\n\t\t\t\t<div class=\"elementor-element elementor-element-7b1951e elementor-align-left elementor-icon-list--layout-traditional elementor-list-item-link-full_width elementor-widget elementor-widget-icon-list\" data-id=\"7b1951e\" data-element_type=\"widget\" data-widget_type=\"icon-list.default\">\n\t\t\t\t<div class=\"elementor-widget-container\">\n\t\t\t\t\t\t\t<ul class=\"elementor-icon-list-items\">\n\t\t\t\t\t\t\t<li class=\"elementor-icon-list-item\">\n\t\t\t\t\t\t\t\t\t\t<span class=\"elementor-icon-list-text\">TerraSens transforme les donn\u00e9es satellitaires brutes et les projections climatiques en informations pr\u00e9cises et exploitables gr\u00e2ce \u00e0 un traitement avanc\u00e9 de l'IA. Ce service fournit des informations agroclimatiques pr\u00e9cises, notamment sur l'utilisation des terres, l'humidit\u00e9 du sol et l'\u00e9volution des conditions climatiques, disponibles dans des formats spatiaux et ponctuels. Nos solutions aident les industries \u00e0 s'adapter au changement climatique, \u00e0 optimiser les ressources et \u00e0 prendre des d\u00e9cisions fond\u00e9es sur les donn\u00e9es pour un avenir plus durable.<\/span>\n\t\t\t\t\t\t\t\t\t<\/li>\n\t\t\t\t\t\t<\/ul>\n\t\t\t\t\t\t<\/div>\n\t\t\t\t<\/div>\n\t\t\t\t<div class=\"elementor-element elementor-element-100f1c6 elementor-align-left elementor-widget elementor-widget-button\" data-id=\"100f1c6\" data-element_type=\"widget\" data-widget_type=\"button.default\">\n\t\t\t\t<div class=\"elementor-widget-container\">\n\t\t\t\t\t\t\t\t\t<div class=\"elementor-button-wrapper\">\n\t\t\t\t\t<a class=\"elementor-button elementor-button-link elementor-size-sm\" href=\"https:\/\/www.terrasens.tn\/remote-data-processing\/\">\n\t\t\t\t\t\t<span class=\"elementor-button-content-wrapper\">\n\t\t\t\t\t\t\t\t\t<span class=\"elementor-button-text\">En savoir plus !<\/span>\n\t\t\t\t\t<\/span>\n\t\t\t\t\t<\/a>\n\t\t\t\t<\/div>\n\t\t\t\t\t\t\t\t<\/div>\n\t\t\t\t<\/div>\n\t\t\t\t<\/div>\n\t\t<div class=\"elementor-element elementor-element-6946a20 e-con-full e-flex e-con e-child\" data-id=\"6946a20\" data-element_type=\"container\">\n\t\t\t\t<div class=\"elementor-element elementor-element-0215bef dce_masking-none elementor-widget elementor-widget-image\" data-id=\"0215bef\" data-element_type=\"widget\" data-widget_type=\"image.default\">\n\t\t\t\t<div class=\"elementor-widget-container\">\n\t\t\t\t\t\t\t\t\t\t\t\t\t\t\t<img fetchpriority=\"high\" decoding=\"async\" width=\"1024\" height=\"775\" src=\"https:\/\/www.terrasens.tn\/wp-content\/uploads\/2025\/02\/Weather-Station-Agriculture-Farming-1024x775.png\" class=\"attachment-large size-large wp-image-702\" alt=\"\" srcset=\"https:\/\/www.terrasens.tn\/wp-content\/uploads\/2025\/02\/Weather-Station-Agriculture-Farming-1024x775.png 1024w, https:\/\/www.terrasens.tn\/wp-content\/uploads\/2025\/02\/Weather-Station-Agriculture-Farming-300x227.png 300w, https:\/\/www.terrasens.tn\/wp-content\/uploads\/2025\/02\/Weather-Station-Agriculture-Farming-768x581.png 768w, https:\/\/www.terrasens.tn\/wp-content\/uploads\/2025\/02\/Weather-Station-Agriculture-Farming.png 1216w\" sizes=\"(max-width: 1024px) 100vw, 1024px\" \/>\t\t\t\t\t\t\t\t\t\t\t\t\t\t\t<\/div>\n\t\t\t\t<\/div>\n\t\t\t\t<\/div>\n\t\t\t\t<\/div>\n\t\t<div class=\"elementor-element elementor-element-e6eae2f e-con-full e-flex e-con e-parent\" data-id=\"e6eae2f\" data-element_type=\"container\" data-settings=\"{&quot;background_background&quot;:&quot;classic&quot;}\">\n\t\t<div class=\"elementor-element elementor-element-b64ba25 e-con-full e-flex e-con e-child\" data-id=\"b64ba25\" data-element_type=\"container\">\n\t\t\t\t<div class=\"elementor-element elementor-element-42c6442 dce_masking-none elementor-widget elementor-widget-image\" data-id=\"42c6442\" data-element_type=\"widget\" data-widget_type=\"image.default\">\n\t\t\t\t<div class=\"elementor-widget-container\">\n\t\t\t\t\t\t\t\t\t\t\t\t\t\t\t<img fetchpriority=\"high\" decoding=\"async\" width=\"1024\" height=\"775\" src=\"https:\/\/www.terrasens.tn\/wp-content\/uploads\/2025\/02\/Weather-Station-Agriculture-Farming-1024x775.png\" class=\"attachment-large size-large wp-image-702\" alt=\"\" srcset=\"https:\/\/www.terrasens.tn\/wp-content\/uploads\/2025\/02\/Weather-Station-Agriculture-Farming-1024x775.png 1024w, https:\/\/www.terrasens.tn\/wp-content\/uploads\/2025\/02\/Weather-Station-Agriculture-Farming-300x227.png 300w, https:\/\/www.terrasens.tn\/wp-content\/uploads\/2025\/02\/Weather-Station-Agriculture-Farming-768x581.png 768w, https:\/\/www.terrasens.tn\/wp-content\/uploads\/2025\/02\/Weather-Station-Agriculture-Farming.png 1216w\" sizes=\"(max-width: 1024px) 100vw, 1024px\" \/>\t\t\t\t\t\t\t\t\t\t\t\t\t\t\t<\/div>\n\t\t\t\t<\/div>\n\t\t\t\t<\/div>\n\t\t<div class=\"elementor-element elementor-element-6fc1053 e-con-full e-flex e-con e-child\" data-id=\"6fc1053\" data-element_type=\"container\">\n\t\t\t\t<div class=\"elementor-element elementor-element-0e6b604 elementor-invisible elementor-widget elementor-widget-heading\" data-id=\"0e6b604\" data-element_type=\"widget\" data-settings=\"{&quot;_animation&quot;:&quot;fadeInDown&quot;}\" data-widget_type=\"heading.default\">\n\t\t\t\t<div class=\"elementor-widget-container\">\n\t\t\t\t\t<h2 class=\"elementor-heading-title elementor-size-default\">Application Web et Mobile \u2013 Syst\u00e8me d'Aide \u00e0 la D\u00e9cision Intelligent (SAD)<\/h2>\t\t\t\t<\/div>\n\t\t\t\t<\/div>\n\t\t\t\t<div class=\"elementor-element elementor-element-048bfec elementor-align-left elementor-icon-list--layout-traditional elementor-list-item-link-full_width elementor-widget elementor-widget-icon-list\" data-id=\"048bfec\" data-element_type=\"widget\" data-widget_type=\"icon-list.default\">\n\t\t\t\t<div class=\"elementor-widget-container\">\n\t\t\t\t\t\t\t<ul class=\"elementor-icon-list-items\">\n\t\t\t\t\t\t\t<li class=\"elementor-icon-list-item\">\n\t\t\t\t\t\t\t\t\t\t<span class=\"elementor-icon-list-text\">Gr\u00e2ce \u00e0 notre syst\u00e8me d\u2019aide \u00e0 la d\u00e9cision (DSS) Web et mobile, les utilisateurs peuvent agir en fonction de recommandations intelligentes. Qu\u2019il s\u2019agisse d\u2019ajuster l\u2019irrigation, de recevoir des alertes m\u00e9t\u00e9orologiques extr\u00eames ou d\u2019optimiser les syst\u00e8mes d\u2019\u00e9nergie renouvelable, notre plateforme transforme les donn\u00e9es en solutions exploitables pour la durabilit\u00e9.<\/span>\n\t\t\t\t\t\t\t\t\t<\/li>\n\t\t\t\t\t\t<\/ul>\n\t\t\t\t\t\t<\/div>\n\t\t\t\t<\/div>\n\t\t\t\t<div class=\"elementor-element elementor-element-f60ac7f elementor-align-left elementor-widget elementor-widget-button\" data-id=\"f60ac7f\" data-element_type=\"widget\" data-widget_type=\"button.default\">\n\t\t\t\t<div class=\"elementor-widget-container\">\n\t\t\t\t\t\t\t\t\t<div class=\"elementor-button-wrapper\">\n\t\t\t\t\t<a class=\"elementor-button elementor-button-link elementor-size-sm\" href=\"https:\/\/www.terrasens.tn\/web-mobile-application\/\">\n\t\t\t\t\t\t<span class=\"elementor-button-content-wrapper\">\n\t\t\t\t\t\t\t\t\t<span class=\"elementor-button-text\">En savoir plus !<\/span>\n\t\t\t\t\t<\/span>\n\t\t\t\t\t<\/a>\n\t\t\t\t<\/div>\n\t\t\t\t\t\t\t\t<\/div>\n\t\t\t\t<\/div>\n\t\t\t\t<\/div>\n\t\t\t\t<\/div>\n\t\t\t\t<\/div>\n\t\t<\/p>","protected":false},"excerpt":{"rendered":"","protected":false},"author":1,"featured_media":0,"parent":0,"menu_order":0,"comment_status":"closed","ping_status":"closed","template":"elementor_header_footer","meta":{"_acf_changed":false,"_monsterinsights_skip_tracking":false,"_monsterinsights_sitenote_active":false,"_monsterinsights_sitenote_note":"","_monsterinsights_sitenote_category":0,"site-sidebar-layout":"default","site-content-layout":"","ast-site-content-layout":"default","site-content-style":"default","site-sidebar-style":"default","ast-global-header-display":"","ast-banner-title-visibility":"","ast-main-header-display":"","ast-hfb-above-header-display":"","ast-hfb-below-header-display":"","ast-hfb-mobile-header-display":"","site-post-title":"","ast-breadcrumbs-content":"","ast-featured-img":"","footer-sml-layout":"","theme-transparent-header-meta":"default","adv-header-id-meta":"","stick-header-meta":"","header-above-stick-meta":"","header-main-stick-meta":"","header-below-stick-meta":"","astra-migrate-meta-layouts":"set","ast-page-background-enabled":"default","ast-page-background-meta":{"desktop":{"background-color":"var(--ast-global-color-5)","background-image":"","background-repeat":"repeat","background-position":"center center","background-size":"auto","background-attachment":"scroll","background-type":"","background-media":"","overlay-type":"","overlay-color":"","overlay-opacity":"","overlay-gradient":""},"tablet":{"background-color":"","background-image":"","background-repeat":"repeat","background-position":"center center","background-size":"auto","background-attachment":"scroll","background-type":"","background-media":"","overlay-type":"","overlay-color":"","overlay-opacity":"","overlay-gradient":""},"mobile":{"background-color":"","background-image":"","background-repeat":"repeat","background-position":"center center","background-size":"auto","background-attachment":"scroll","background-type":"","background-media":"","overlay-type":"","overlay-color":"","overlay-opacity":"","overlay-gradient":""}},"ast-content-background-meta":{"desktop":{"background-color":"var(--ast-global-color-4)","background-image":"","background-repeat":"repeat","background-position":"center center","background-size":"auto","background-attachment":"scroll","background-type":"","background-media":"","overlay-type":"","overlay-color":"","overlay-opacity":"","overlay-gradient":""},"tablet":{"background-color":"var(--ast-global-color-4)","background-image":"","background-repeat":"repeat","background-position":"center center","background-size":"auto","background-attachment":"scroll","background-type":"","background-media":"","overlay-type":"","overlay-color":"","overlay-opacity":"","overlay-gradient":""},"mobile":{"background-color":"var(--ast-global-color-4)","background-image":"","background-repeat":"repeat","background-position":"center center","background-size":"auto","background-attachment":"scroll","background-type":"","background-media":"","overlay-type":"","overlay-color":"","overlay-opacity":"","overlay-gradient":""}},"footnotes":""},"class_list":["post-155","page","type-page","status-publish","hentry"],"acf":[],"_links":{"self":[{"href":"https:\/\/www.terrasens.tn\/fr\/wp-json\/wp\/v2\/pages\/155","targetHints":{"allow":["GET"]}}],"collection":[{"href":"https:\/\/www.terrasens.tn\/fr\/wp-json\/wp\/v2\/pages"}],"about":[{"href":"https:\/\/www.terrasens.tn\/fr\/wp-json\/wp\/v2\/types\/page"}],"author":[{"embeddable":true,"href":"https:\/\/www.terrasens.tn\/fr\/wp-json\/wp\/v2\/users\/1"}],"replies":[{"embeddable":true,"href":"https:\/\/www.terrasens.tn\/fr\/wp-json\/wp\/v2\/comments?post=155"}],"version-history":[{"count":5,"href":"https:\/\/www.terrasens.tn\/fr\/wp-json\/wp\/v2\/pages\/155\/revisions"}],"predecessor-version":[{"id":752,"href":"https:\/\/www.terrasens.tn\/fr\/wp-json\/wp\/v2\/pages\/155\/revisions\/752"}],"wp:attachment":[{"href":"https:\/\/www.terrasens.tn\/fr\/wp-json\/wp\/v2\/media?parent=155"}],"curies":[{"name":"wp","href":"https:\/\/api.w.org\/{rel}","templated":true}]}}